{"id":7694,"date":"2025-03-21T15:44:06","date_gmt":"2025-03-21T15:44:06","guid":{"rendered":"https:\/\/ernestinacastro.com\/?page_id=7694"},"modified":"2025-03-21T15:48:02","modified_gmt":"2025-03-21T15:48:02","slug":"contact-2-2","status":"publish","type":"page","link":"https:\/\/ernestinacastro.com\/?page_id=7694","title":{"rendered":"Nosotros"},"content":{"rendered":"\t\t<div data-elementor-type=\"wp-page\" data-elementor-id=\"7694\" class=\"elementor elementor-7694\">\n\t\t\t\t<div class=\"elementor-element elementor-element-7f8864c e-flex e-con-boxed e-con e-parent\" data-id=\"7f8864c\" data-element_type=\"container\">\n\t\t\t\t\t<div class=\"e-con-inner\">\n\t\t<div class=\"elementor-element elementor-element-e9ef9cf e-con-full e-flex e-con e-child\" data-id=\"e9ef9cf\" data-element_type=\"container\">\n\t\t\t\t<div class=\"elementor-element elementor-element-91a0d3e elementor-widget elementor-widget-text-editor\" data-id=\"91a0d3e\" data-element_type=\"widget\" data-widget_type=\"text-editor.default\">\n\t\t\t\t<div class=\"elementor-widget-container\">\n\t\t\t\t\t\t\t<p>Nuestro equipo profesional est\u00e1 compuesto por:<\/p><p>Ernestina Castro Morales, ex agente del Banco Santander quien cuenta con una nutrida experiencia de m\u00e1s de 30 a\u00f1os en la banca nacional.<\/p><p>Forma parte del equipo de agentes inmobiliarios de la Banca Propiedades de Banco Santander.<\/p><p>Acreditada por ACCOP y CMF.<\/p><p>Nicol\u00e1s P\u00e9rez Castro, abogado de alto prestigio del estudio jur\u00eddico Leppes &amp; Cia, con especializaci\u00f3n en derecho civil y larga trayectoria en litigios y asesoramiento.<\/p><p>Nuestra visi\u00f3n es garantizar seguridad y certeza jur\u00eddica.<\/p><p>Con un servicio serio, responsable, entregando confianza y apoyo profesional a personas y empresas.<\/p>\t\t\t\t\t\t<\/div>\n\t\t\t\t<\/div>\n\t\t\t\t<\/div>\n\t\t<div class=\"elementor-element elementor-element-64b499e e-con-full e-flex e-con e-child\" data-id=\"64b499e\" data-element_type=\"container\">\n\t\t\t\t<div class=\"elementor-element elementor-element-9c3223a elementor-widget elementor-widget-image\" data-id=\"9c3223a\" data-element_type=\"widget\" data-widget_type=\"image.default\">\n\t\t\t\t<div class=\"elementor-widget-container\">\n\t\t\t\t\t\t\t\t\t\t\t\t\t<img fetchpriority=\"high\" decoding=\"async\" width=\"828\" height=\"552\" src=\"https:\/\/ernestinacastro.com\/wp-content\/uploads\/2024\/11\/WhatsApp-Image-2024-11-25-at-14.35.56-1024x683.jpeg\" class=\"attachment-large size-large wp-image-7356\" alt=\"\" srcset=\"https:\/\/ernestinacastro.com\/wp-content\/uploads\/2024\/11\/WhatsApp-Image-2024-11-25-at-14.35.56-1024x683.jpeg 1024w, https:\/\/ernestinacastro.com\/wp-content\/uploads\/2024\/11\/WhatsApp-Image-2024-11-25-at-14.35.56-300x200.jpeg 300w, https:\/\/ernestinacastro.com\/wp-content\/uploads\/2024\/11\/WhatsApp-Image-2024-11-25-at-14.35.56-768x512.jpeg 768w, https:\/\/ernestinacastro.com\/wp-content\/uploads\/2024\/11\/WhatsApp-Image-2024-11-25-at-14.35.56-1536x1024.jpeg 1536w, https:\/\/ernestinacastro.com\/wp-content\/uploads\/2024\/11\/WhatsApp-Image-2024-11-25-at-14.35.56-2048x1365.jpeg 2048w, https:\/\/ernestinacastro.com\/wp-content\/uploads\/2024\/11\/WhatsApp-Image-2024-11-25-at-14.35.56-150x100.jpeg 150w, https:\/\/ernestinacastro.com\/wp-content\/uploads\/2024\/11\/WhatsApp-Image-2024-11-25-at-14.35.56-488x326.jpeg 488w\" sizes=\"(max-width: 828px) 100vw, 828px\" \/>\t\t\t\t\t\t\t\t\t\t\t\t\t<\/div>\n\t\t\t\t<\/div>\n\t\t\t\t<\/div>\n\t\t\t\t\t<\/div>\n\t\t\t\t<\/div>\n\t\t\t\t<\/div>\n\t\t","protected":false},"excerpt":{"rendered":"<p>Nuestro equipo profesional est\u00e1 compuesto por: Ernestina Castro Morales, ex agente del Banco Santander quien cuenta con una nutrida experiencia de m\u00e1s de 30 a\u00f1os en la banca nacional. Forma parte del equipo de agentes inmobiliarios de la Banca Propiedades de Banco Santander. Acreditada por ACCOP y CMF. Nicol\u00e1s P\u00e9rez Castro, abogado de alto prestigio&#8230;<\/p>\n","protected":false},"author":1,"featured_media":0,"parent":0,"menu_order":0,"comment_status":"closed","ping_status":"closed","template":"templates\/contact.php","meta":{"footnotes":""},"class_list":["post-7694","page","type-page","status-publish","hentry"],"_links":{"self":[{"href":"https:\/\/ernestinacastro.com\/index.php?rest_route=\/wp\/v2\/pages\/7694","targetHints":{"allow":["GET"]}}],"collection":[{"href":"https:\/\/ernestinacastro.com\/index.php?rest_route=\/wp\/v2\/pages"}],"about":[{"href":"https:\/\/ernestinacastro.com\/index.php?rest_route=\/wp\/v2\/types\/page"}],"author":[{"embeddable":true,"href":"https:\/\/ernestinacastro.com\/index.php?rest_route=\/wp\/v2\/users\/1"}],"replies":[{"embeddable":true,"href":"https:\/\/ernestinacastro.com\/index.php?rest_route=%2Fwp%2Fv2%2Fcomments&post=7694"}],"version-history":[{"count":4,"href":"https:\/\/ernestinacastro.com\/index.php?rest_route=\/wp\/v2\/pages\/7694\/revisions"}],"predecessor-version":[{"id":7698,"href":"https:\/\/ernestinacastro.com\/index.php?rest_route=\/wp\/v2\/pages\/7694\/revisions\/7698"}],"wp:attachment":[{"href":"https:\/\/ernestinacastro.com\/index.php?rest_route=%2Fwp%2Fv2%2Fmedia&parent=7694"}],"curies":[{"name":"wp","href":"https:\/\/api.w.org\/{rel}","templated":true}]}}